{"id":1863,"date":"2024-08-13T08:12:41","date_gmt":"2024-08-13T08:12:41","guid":{"rendered":"https:\/\/letsrun.sanremomarathon.it\/iletisim\/"},"modified":"2026-01-01T14:36:36","modified_gmt":"2026-01-01T14:36:36","slug":"iletisim","status":"publish","type":"page","link":"https:\/\/letsrun.sanremomarathon.it\/tr\/iletisim\/","title":{"rendered":"\u0130LET\u0130\u015e\u0130M"},"content":{"rendered":"<p>[et_pb_section fb_built=&#8221;1&#8243; _builder_version=&#8221;4.27.0&#8243; _module_preset=&#8221;default&#8221; custom_margin=&#8221;||||false|false&#8221; global_colors_info=&#8221;{}&#8221;][et_pb_row _builder_version=&#8221;4.27.0&#8243; _module_preset=&#8221;default&#8221; custom_margin=&#8221;||||false|false&#8221; global_colors_info=&#8221;{}&#8221;][et_pb_column type=&#8221;4_4&#8243; _builder_version=&#8221;4.27.0&#8243; _module_preset=&#8221;default&#8221; global_colors_info=&#8221;{}&#8221;][et_pb_text _builder_version=&#8221;4.27.0&#8243; _module_preset=&#8221;default&#8221; header_text_color=&#8221;#281e41&#8243; header_font_size=&#8221;50px&#8221; global_colors_info=&#8221;{}&#8221;]<\/p>\n<h1 style=\"text-align: center;\"><b>\u0130LET\u0130\u015e\u0130M<\/b><\/h1>\n<p>[\/et_pb_text][\/et_pb_column][\/et_pb_row][et_pb_row _builder_version=&#8221;4.27.0&#8243; _module_preset=&#8221;default&#8221; global_colors_info=&#8221;{}&#8221;][et_pb_column type=&#8221;4_4&#8243; _builder_version=&#8221;4.27.0&#8243; _module_preset=&#8221;default&#8221; global_colors_info=&#8221;{}&#8221;][et_pb_text _builder_version=&#8221;4.27.0&#8243; _module_preset=&#8221;default&#8221; header_2_text_color=&#8221;#281e41&#8243; header_2_font_size=&#8221;35px&#8221; global_colors_info=&#8221;{}&#8221;]<\/p>\n<h2 style=\"text-align: center;\"><b>Siz de Let&#8217;s Run Together&#8217;\u0131 okulunuzda bir e\u011fitim arac\u0131 olarak tan\u0131tmak ister misiniz?<\/b><\/h2>\n<p>[\/et_pb_text][et_pb_text _builder_version=&#8221;4.27.0&#8243; _module_preset=&#8221;default&#8221; text_text_color=&#8221;#281e41&#8243; text_font_size=&#8221;20px&#8221; global_colors_info=&#8221;{}&#8221;]<\/p>\n<p style=\"text-align: center;\"><b>Proje ve e\u011fitim hakk\u0131nda daha fazla bilgi almak ister misiniz? \u00d6\u011frencilerinizi maratona kat\u0131lmalar\u0131 i\u00e7in e\u011fitmek mi istiyorsunuz? Projenin temalar\u0131 \u00fczerine \u00f6\u011frencilerle birlikte bir at\u00f6lye \u00e7al\u0131\u015fmas\u0131 veya seminer d\u00fczenlemek ister misiniz?  <\/b><\/p>\n<p>[\/et_pb_text][\/et_pb_column][\/et_pb_row][\/et_pb_section][et_pb_section fb_built=&#8221;1&#8243; _builder_version=&#8221;4.27.0&#8243; _module_preset=&#8221;default&#8221; global_colors_info=&#8221;{}&#8221;][et_pb_row _builder_version=&#8221;4.27.0&#8243; _module_preset=&#8221;default&#8221; global_colors_info=&#8221;{}&#8221;][et_pb_column type=&#8221;4_4&#8243; _builder_version=&#8221;4.27.0&#8243; _module_preset=&#8221;default&#8221; global_colors_info=&#8221;{}&#8221;][et_pb_text _builder_version=&#8221;4.27.2&#8243; _module_preset=&#8221;default&#8221; header_2_text_color=&#8221;#281e41&#8243; header_2_font_size=&#8221;35px&#8221; global_colors_info=&#8221;{}&#8221;]<\/p>\n<h2 style=\"text-align: center;\"><b>Bizimle ileti\u015fime ge\u00e7mek i\u00e7in letsruntogether@sanremomarathon.it adresinden bize yaz\u0131n.<br \/><\/b><\/h2>\n<p>[\/et_pb_text][et_pb_text _builder_version=&#8221;4.27.0&#8243; _module_preset=&#8221;default&#8221; header_2_text_color=&#8221;#281e41&#8243; header_2_font_size=&#8221;35px&#8221; global_colors_info=&#8221;{}&#8221;]<\/p>\n<h2 style=\"text-align: center;\"><b>Ya da a\u015fa\u011f\u0131daki formu doldurun<\/b><\/h2>\n<p>[\/et_pb_text][\/et_pb_column][\/et_pb_row][et_pb_row _builder_version=&#8221;4.27.0&#8243; _module_preset=&#8221;default&#8221; global_colors_info=&#8221;{}&#8221;][et_pb_column type=&#8221;4_4&#8243; _builder_version=&#8221;4.27.0&#8243; _module_preset=&#8221;default&#8221; global_colors_info=&#8221;{}&#8221;][et_pb_text _builder_version=&#8221;4.27.0&#8243; _module_preset=&#8221;default&#8221; global_colors_info=&#8221;{}&#8221;]<\/p>\n<p style=\"text-align: center;\"><p class=\"wpcf7-contact-form-not-found\"><strong>Hata:<\/strong> \u0130leti\u015fim formu bulunamad\u0131.<\/p><\/p>\n<p>[\/et_pb_text][\/et_pb_column][\/et_pb_row][\/et_pb_section][et_pb_section fb_built=&#8221;1&#8243; _builder_version=&#8221;4.27.0&#8243; _module_preset=&#8221;default&#8221; global_colors_info=&#8221;{}&#8221;][et_pb_row _builder_version=&#8221;4.27.0&#8243; _module_preset=&#8221;default&#8221; global_colors_info=&#8221;{}&#8221;][et_pb_column type=&#8221;4_4&#8243; _builder_version=&#8221;4.27.0&#8243; _module_preset=&#8221;default&#8221; global_colors_info=&#8221;{}&#8221;][et_pb_image src=&#8221;https:\/\/letsrun.sanremomarathon.it\/wp-content\/uploads\/2024\/08\/Logo-lets-run-together-orizz-trasp-BN-300&#215;169.jpg&#8221; alt=&#8221;Let&#039;s run together logosu&lt;br&gt;&lt;br&gt;&#8221; title_text=&#8221;Let&#039;s Run Together Logosu &#8211; Yatay \u015eeffaf SB&#8221; align=&#8221;center&#8221; _builder_version=&#8221;4.27.0&#8243; _module_preset=&#8221;default&#8221; global_colors_info=&#8221;{}&#8221;][\/et_pb_image][et_pb_text _builder_version=&#8221;4.27.0&#8243; _module_preset=&#8221;default&#8221; text_text_color=&#8221;#281e41&#8243; text_font_size=&#8221;20px&#8221; global_colors_info=&#8221;{}&#8221;]<\/p>\n<p style=\"text-align: center;\"><b>Cosmos Youth (T\u00dcRK\u0130YE) ortakl\u0131\u011f\u0131nda Sanremo Maraton Komitesi (\u0130TALYA) taraf\u0131ndan koordine edilen bir Erasmus + KA2 k\u00fc\u00e7\u00fck \u00f6l\u00e7ekli i\u015fbirli\u011fi projesi<\/b><\/p>\n<p>[\/et_pb_text][et_pb_text _builder_version=&#8221;4.27.2&#8243; _module_preset=&#8221;default&#8221; text_text_color=&#8221;#281e41&#8243; text_font_size=&#8221;20px&#8221; hover_enabled=&#8221;0&#8243; global_colors_info=&#8221;{}&#8221; sticky_enabled=&#8221;0&#8243;]<\/p>\n<p style=\"text-align: center;\"><b>letsruntogether@sanremomarathon.it<\/b><\/p>\n<p>[\/et_pb_text][\/et_pb_column][\/et_pb_row][et_pb_row column_structure=&#8221;1_3,1_3,1_3&#8243; _builder_version=&#8221;4.27.0&#8243; _module_preset=&#8221;default&#8221; global_colors_info=&#8221;{}&#8221;][et_pb_column type=&#8221;1_3&#8243; _builder_version=&#8221;4.27.0&#8243; _module_preset=&#8221;default&#8221; global_colors_info=&#8221;{}&#8221;][et_pb_image src=&#8221;https:\/\/letsrun.sanremomarathon.it\/wp-content\/uploads\/2024\/08\/EN-V-Co-funded-by-the-EU_POS-150&#215;150.jpg&#8221; alt=&#8221;Avrupa Birli\u011fi ile ortakla\u015fa finanse edilmektedir&#8221; title_text=&#8221;Avrupa Birli\u011fi taraf\u0131ndan e\u015f finanse edilmi\u015ftir&#8221; align=&#8221;center&#8221; _builder_version=&#8221;4.27.0&#8243; _module_preset=&#8221;default&#8221; global_colors_info=&#8221;{}&#8221;][\/et_pb_image][\/et_pb_column][et_pb_column type=&#8221;1_3&#8243; _builder_version=&#8221;4.27.0&#8243; _module_preset=&#8221;default&#8221; global_colors_info=&#8221;{}&#8221;][et_pb_image src=&#8221;https:\/\/letsrun.sanremomarathon.it\/wp-content\/uploads\/2024\/08\/Logo-Comitato-Org-Sanremo-Marathon-1024&#215;544-1.jpg&#8221; alt=&#8221;Sanremo Maratonu Organizasyon Komitesi Logosu&#8221; title_text=&#8221;Sanremo Maratonu Organizasyon Komitesi Logosu-1024&#215;544&#8243; url=&#8221;https:\/\/sanremomarathon.it\/&#8221; url_new_window=&#8221;on&#8221; align=&#8221;center&#8221; _builder_version=&#8221;4.27.0&#8243; _module_preset=&#8221;default&#8221; global_colors_info=&#8221;{}&#8221;][\/et_pb_image][\/et_pb_column][et_pb_column type=&#8221;1_3&#8243; _builder_version=&#8221;4.27.0&#8243; _module_preset=&#8221;default&#8221; global_colors_info=&#8221;{}&#8221;][et_pb_image src=&#8221;https:\/\/letsrun.sanremomarathon.it\/wp-content\/uploads\/2024\/08\/cosmos-youth.jpg&#8221; alt=&#8221;cosmos youth logosu&#8221; title_text=&#8221;cosmos youth&#8221; url=&#8221;https:\/\/www.cosmosyouth.org\/&#8221; url_new_window=&#8221;on&#8221; align=&#8221;center&#8221; admin_label=&#8221;Immagine&#8221; _builder_version=&#8221;4.27.0&#8243; _module_preset=&#8221;default&#8221; global_colors_info=&#8221;{}&#8221;][\/et_pb_image][\/et_pb_column][\/et_pb_row][et_pb_row _builder_version=&#8221;4.27.0&#8243; _module_preset=&#8221;default&#8221; global_colors_info=&#8221;{}&#8221;][et_pb_column type=&#8221;4_4&#8243; _builder_version=&#8221;4.27.0&#8243; _module_preset=&#8221;default&#8221; global_colors_info=&#8221;{}&#8221;][et_pb_text _builder_version=&#8221;4.27.0&#8243; _module_preset=&#8221;default&#8221; text_text_color=&#8221;#281e41&#8243; text_font_size=&#8221;12px&#8221; global_colors_info=&#8221;{}&#8221;]<\/p>\n<p style=\"text-align: center;\"><b>Avrupa Birli\u011fi taraf\u0131ndan finanse edilmektedir. Ancak, ifade edilen g\u00f6r\u00fc\u015fler yaln\u0131zca yazar(lar)a aittir ve Avrupa Birli\u011fi veya Avrupa E\u011fitim ve K\u00fclt\u00fcr Y\u00fcr\u00fctme Ajans\u0131&#8217;n\u0131n (EACEA) g\u00f6r\u00fc\u015flerini yans\u0131tmak zorunda de\u011fildir. Ne Avrupa Birli\u011fi ne de EACEA bundan sorumlu tutulamaz.<\/b><\/p>\n<p>[\/et_pb_text][\/et_pb_column][\/et_pb_row][\/et_pb_section]<\/p>\n","protected":false},"excerpt":{"rendered":"<p>Projemiz, sosyal d\u0131\u015flanma riski alt\u0131ndaki 100 ortaokul \u00f6\u011frencisine, Haziran 2025&#8217;teki &#8220;Run for the Whales&#8221; maratonuna haz\u0131rl\u0131k e\u011fitimi arac\u0131l\u0131\u011f\u0131yla ki\u015fisel geli\u015fim ve entegrasyon i\u00e7in e\u015fsiz bir f\u0131rsat sunmak amac\u0131yla olu\u015fturulmu\u015ftur.<\/p>\n","protected":false},"author":3,"featured_media":0,"parent":0,"menu_order":0,"comment_status":"closed","ping_status":"closed","template":"","meta":{"_et_pb_use_builder":"on","_et_pb_old_content":"","_et_gb_content_width":"","_monsterinsights_skip_tracking":false,"_monsterinsights_sitenote_active":false,"_monsterinsights_sitenote_note":"","_monsterinsights_sitenote_category":0,"footnotes":""},"class_list":["post-1863","page","type-page","status-publish","hentry"],"_links":{"self":[{"href":"https:\/\/letsrun.sanremomarathon.it\/tr\/wp-json\/wp\/v2\/pages\/1863","targetHints":{"allow":["GET"]}}],"collection":[{"href":"https:\/\/letsrun.sanremomarathon.it\/tr\/wp-json\/wp\/v2\/pages"}],"about":[{"href":"https:\/\/letsrun.sanremomarathon.it\/tr\/wp-json\/wp\/v2\/types\/page"}],"author":[{"embeddable":true,"href":"https:\/\/letsrun.sanremomarathon.it\/tr\/wp-json\/wp\/v2\/users\/3"}],"replies":[{"embeddable":true,"href":"https:\/\/letsrun.sanremomarathon.it\/tr\/wp-json\/wp\/v2\/comments?post=1863"}],"version-history":[{"count":2,"href":"https:\/\/letsrun.sanremomarathon.it\/tr\/wp-json\/wp\/v2\/pages\/1863\/revisions"}],"predecessor-version":[{"id":1865,"href":"https:\/\/letsrun.sanremomarathon.it\/tr\/wp-json\/wp\/v2\/pages\/1863\/revisions\/1865"}],"wp:attachment":[{"href":"https:\/\/letsrun.sanremomarathon.it\/tr\/wp-json\/wp\/v2\/media?parent=1863"}],"curies":[{"name":"wp","href":"https:\/\/api.w.org\/{rel}","templated":true}]}}