{"id":1850,"date":"2024-08-13T08:17:30","date_gmt":"2024-08-13T08:17:30","guid":{"rendered":"https:\/\/letsrun.sanremomarathon.it\/hakkimizda\/"},"modified":"2026-01-01T13:57:49","modified_gmt":"2026-01-01T13:57:49","slug":"hakkimizda","status":"publish","type":"page","link":"https:\/\/letsrun.sanremomarathon.it\/tr\/hakkimizda\/","title":{"rendered":"HAKKIMIZDA"},"content":{"rendered":"<p>[et_pb_section fb_built=&#8221;1&#8243; _builder_version=&#8221;4.27.0&#8243; _module_preset=&#8221;default&#8221; custom_margin=&#8221;||||false|false&#8221; global_colors_info=&#8221;{}&#8221;][et_pb_row _builder_version=&#8221;4.27.0&#8243; _module_preset=&#8221;default&#8221; custom_margin=&#8221;||||false|false&#8221; global_colors_info=&#8221;{}&#8221;][et_pb_column type=&#8221;4_4&#8243; _builder_version=&#8221;4.27.0&#8243; _module_preset=&#8221;default&#8221; global_colors_info=&#8221;{}&#8221;][et_pb_text _builder_version=&#8221;4.27.0&#8243; _module_preset=&#8221;default&#8221; header_text_color=&#8221;#281e41&#8243; header_font_size=&#8221;50px&#8221; hover_enabled=&#8221;0&#8243; global_colors_info=&#8221;{}&#8221; sticky_enabled=&#8221;0&#8243;]<\/p>\n<h1 style=\"text-align: center;\"><b>HAKKIMIZDA<\/b><\/h1>\n<p>[\/et_pb_text][\/et_pb_column][\/et_pb_row][et_pb_row _builder_version=&#8221;4.27.0&#8243; _module_preset=&#8221;default&#8221; global_colors_info=&#8221;{}&#8221;][et_pb_column type=&#8221;4_4&#8243; _builder_version=&#8221;4.27.0&#8243; _module_preset=&#8221;default&#8221; global_colors_info=&#8221;{}&#8221;][et_pb_text _builder_version=&#8221;4.27.0&#8243; _module_preset=&#8221;default&#8221; header_2_text_color=&#8221;#281e41&#8243; header_2_font_size=&#8221;35px&#8221; hover_enabled=&#8221;0&#8243; global_colors_info=&#8221;{}&#8221; sticky_enabled=&#8221;0&#8243;]<\/p>\n<h2 style=\"text-align: center;\"><b>Sanremo Maratonu Organizasyon Komitesi<\/b><\/h2>\n<p>[\/et_pb_text][et_pb_text _builder_version=&#8221;4.27.4&#8243; _module_preset=&#8221;default&#8221; text_text_color=&#8221;#281e41&#8243; text_font_size=&#8221;20px&#8221; hover_enabled=&#8221;0&#8243; global_colors_info=&#8221;{}&#8221; sticky_enabled=&#8221;0&#8243;]<\/p>\n<p data-start=\"209\" data-end=\"675\">Sanremo Maratonu Organizasyon Komitesi, Ligurya ve ulusal \u00e7apta \u00f6nemli ko\u015fu etkinlikleri d\u00fczenleyerek sporu ve sa\u011fl\u0131kl\u0131 ya\u015fam\u0131 te\u015fvik etmeye kendini adam\u0131\u015f, tutkulu ve yetkin bir ekiptir. Y\u0131llard\u0131r profesyonel sporculara, amat\u00f6rlere ve ailelere Sanremo ve Riviera dei Fiori&#8217;nin ola\u011fan\u00fcst\u00fc manzaras\u0131 e\u015fli\u011finde e\u015fsiz ko\u015fu deneyimleri sunmak i\u00e7in b\u00fcy\u00fck bir co\u015fku ve \u00f6zveriyle \u00e7al\u0131\u015f\u0131yoruz. <\/p>\n<h3 data-start=\"677\" data-end=\"696\">Etkinliklerimiz<\/h3>\n<p data-start=\"698\" data-end=\"818\">\u0130talya&#8217;dan ve yurt d\u0131\u015f\u0131ndan y\u00fczlerce kat\u0131l\u0131mc\u0131y\u0131 \u00e7eken iki ana y\u0131ll\u0131k etkinlik d\u00fczenliyoruz:<\/p>\n<ul data-start=\"820\" data-end=\"1354\">\n<li data-start=\"820\" data-end=\"1141\">\n<p data-start=\"822\" data-end=\"925\">SANREMO MARATHON \u2013 Her y\u0131l Aral\u0131k ay\u0131nda, her t\u00fcr ko\u015fucu i\u00e7in tasarlanm\u0131\u015f kapsaml\u0131 bir programla:<\/p>\n<ul data-start=\"928\" data-end=\"1141\">\n<li data-start=\"928\" data-end=\"950\">\n<p data-start=\"930\" data-end=\"950\">Maraton (42,195 km)<\/p>\n<\/li>\n<li data-start=\"953\" data-end=\"981\">\n<p data-start=\"955\" data-end=\"981\">Yar\u0131 maraton (21,097 km)<\/p>\n<\/li>\n<li data-start=\"984\" data-end=\"1019\">\n<p data-start=\"986\" data-end=\"1019\">10 km (Rekabet\u00e7i ve Rekabet\u00e7i Olmayan)<\/p>\n<\/li>\n<li data-start=\"1022\" data-end=\"1141\">\n<p data-start=\"1024\" data-end=\"1141\">Herkes i\u00e7in, hatta ilk kez ko\u015fanlar veya ailece spor dolu bir g\u00fcn ge\u00e7irmek isteyenler i\u00e7in 5 km Aile Ko\u015fusu.<\/p>\n<\/li>\n<\/ul>\n<\/li>\n<li data-start=\"1143\" data-end=\"1354\">\n<p data-start=\"1145\" data-end=\"1312\">RUN FOR THE WHALES (BAL\u0130NALAR \u0130\u00c7\u0130N KO\u015e) \u2013 Haziran ay\u0131nda, Ligurya Denizi&#8217;ndeki deniz memelilerinin korunmas\u0131n\u0131 desteklemek ve tan\u0131tmak amac\u0131yla Sanremo&#8217;da do\u011fan, dayan\u0131\u015fma dolu ve heyecan verici bir ko\u015fu. Etkinlik \u015funlar\u0131 i\u00e7erir: <\/p>\n<ul data-start=\"1315\" data-end=\"1354\">\n<li data-start=\"1315\" data-end=\"1331\">\n<p data-start=\"1317\" data-end=\"1331\">Yar\u0131 maraton<\/p>\n<\/li>\n<li data-start=\"1334\" data-end=\"1339\">\n<p data-start=\"1336\" data-end=\"1339\">10 km<\/p>\n<\/li>\n<li data-start=\"1342\" data-end=\"1354\">\n<p data-start=\"1344\" data-end=\"1354\">Aile Ko\u015fusu<\/p>\n<\/li>\n<\/ul>\n<\/li>\n<\/ul>\n<h3 data-start=\"1356\" data-end=\"1378\">Misyonumuz<\/h3>\n<p data-start=\"1380\" data-end=\"1669\">Hedefimiz: aktif ve sa\u011fl\u0131kl\u0131 bir ya\u015fam tarz\u0131n\u0131 te\u015fvik etmek, spor yoluyla Ligurya b\u00f6lgesine de\u011fer katmak ve kayna\u015fma ve payla\u015f\u0131m f\u0131rsatlar\u0131 yaratmakt\u0131r. Her ko\u015funun s\u0131n\u0131rlar\u0131 a\u015fmak, yeni yerler ke\u015ffetmek ve ba\u011flar kurmak i\u00e7in bir f\u0131rsat oldu\u011funa inan\u0131yoruz. <\/p>\n<p data-start=\"1671\" data-end=\"1851\">rganizasyon kalitesini, parkur g\u00fcvenli\u011fini ve t\u00fcm kat\u0131l\u0131mc\u0131lar i\u00e7in s\u0131cak bir kar\u015f\u0131lamay\u0131 garanti etmek amac\u0131yla kurumlar, dernekler ve g\u00f6n\u00fcll\u00fclerle i\u015fbirli\u011fi yap\u0131yoruz.<\/p>\n<h3 data-start=\"1853\" data-end=\"1871\">Bize Kat\u0131l\u0131n<\/h3>\n<p data-start=\"1873\" data-end=\"2115\">\u0130ster deneyimli bir maratoncu, ister yeni ba\u015flayan bir ko\u015fucu, ister a\u00e7\u0131k havada bir g\u00fcn ge\u00e7irmek isteyen bir aile olun; yar\u0131\u015flar\u0131m\u0131z herkes i\u00e7in d\u00fc\u015f\u00fcn\u00fclm\u00fc\u015ft\u00fcr. M\u00fczik, g\u00fcl\u00fcmsemeler ve bula\u015f\u0131c\u0131 bir enerji e\u015fli\u011finde deniz k\u0131y\u0131s\u0131nda ko\u015fman\u0131n heyecan\u0131n\u0131 ya\u015fay\u0131n. <\/p>\n<p data-start=\"2117\" data-end=\"2187\">Sizi Sanremo&#8217;ya bekliyoruz\u2026 aya\u011f\u0131n\u0131zda ayakkab\u0131lar\u0131n\u0131z ve kalbiniz a\u00e7\u0131k!<\/p>\n<p>[\/et_pb_text][\/et_pb_column][\/et_pb_row][\/et_pb_section][et_pb_section fb_built=&#8221;1&#8243; _builder_version=&#8221;4.27.0&#8243; _module_preset=&#8221;default&#8221; global_colors_info=&#8221;{}&#8221;][et_pb_row _builder_version=&#8221;4.27.0&#8243; _module_preset=&#8221;default&#8221; global_colors_info=&#8221;{}&#8221;][et_pb_column type=&#8221;4_4&#8243; _builder_version=&#8221;4.27.0&#8243; _module_preset=&#8221;default&#8221; global_colors_info=&#8221;{}&#8221;][et_pb_text _builder_version=&#8221;4.27.0&#8243; _module_preset=&#8221;default&#8221; header_2_text_color=&#8221;#281e41&#8243; header_2_font_size=&#8221;35px&#8221; global_colors_info=&#8221;{}&#8221;]<\/p>\n<h2 style=\"text-align: center;\"><b>Cosmos Youth<\/b><\/h2>\n<p>[\/et_pb_text][et_pb_text _builder_version=&#8221;4.27.0&#8243; _module_preset=&#8221;default&#8221; text_text_color=&#8221;#281e41&#8243; text_font_size=&#8221;20px&#8221; global_colors_info=&#8221;{}&#8221;]<\/p>\n<p style=\"text-align: center;\">Cosmos Youth, gen\u00e7leri daha adil, e\u015fitlik\u00e7i ve s\u00fcrd\u00fcr\u00fclebilir bir gelece\u011fe do\u011fru desteklemeye ve te\u015fvik etmeye kendini adam\u0131\u015f bir organizasyondur. Hedefi gen\u00e7lerin potansiyellerini ke\u015ffedebilecekleri, aktif kat\u0131l\u0131m sa\u011flayabilecekleri ve k\u00fcresel toplumun etkili \u00fcyeleri haline gelebilecekleri bir ortam yaratmakt\u0131r. <\/p>\n<p style=\"text-align: center;\">Organizasyonun misyonu, gen\u00e7lerin haklar\u0131n\u0131 savunmaya ve g\u00fc\u00e7l\u00fc, anlaml\u0131 bir sese sahip olmalar\u0131n\u0131 sa\u011flamak i\u00e7in platformlar olu\u015fturmaya odaklanm\u0131\u015ft\u0131r. Bir dizi proje arac\u0131l\u0131\u011f\u0131yla; e\u011fitim, istihdam, sa\u011fl\u0131k ve \u00e7evre gibi kilit alanlarda gen\u00e7lerin haklar\u0131na sayg\u0131 g\u00f6sterilmesi ve desteklenmesi i\u00e7in \u00e7al\u0131\u015fmalar y\u00fcr\u00fct\u00fclmektedir. Ayr\u0131ca, daha uyumlu ve uluslararas\u0131 fark\u0131ndal\u0131\u011fa sahip bir gen\u00e7lik toplulu\u011funun olu\u015fumuna katk\u0131da bulunularak k\u00fcresel i\u015fbirli\u011fi ve anlay\u0131\u015f te\u015fvik edilmektedir.  <\/p>\n<p>[\/et_pb_text][\/et_pb_column][\/et_pb_row][\/et_pb_section][et_pb_section fb_built=&#8221;1&#8243; _builder_version=&#8221;4.27.0&#8243; _module_preset=&#8221;default&#8221; global_colors_info=&#8221;{}&#8221;][et_pb_row _builder_version=&#8221;4.27.0&#8243; _module_preset=&#8221;default&#8221; global_colors_info=&#8221;{}&#8221;][et_pb_column type=&#8221;4_4&#8243; _builder_version=&#8221;4.27.0&#8243; _module_preset=&#8221;default&#8221; global_colors_info=&#8221;{}&#8221;][et_pb_image src=&#8221;https:\/\/letsrun.sanremomarathon.it\/wp-content\/uploads\/2024\/08\/Logo-lets-run-together-orizz-trasp-BN-300&#215;169.jpg&#8221; alt=&#8221;Let&#039;s run together logosu&#8221; title_text=&#8221;Let&#039;s Run Together Logosu &#8211; Yatay \u015eeffaf BN&#8221; align=&#8221;center&#8221; _builder_version=&#8221;4.27.0&#8243; _module_preset=&#8221;default&#8221; global_colors_info=&#8221;{}&#8221;][\/et_pb_image][et_pb_text _builder_version=&#8221;4.27.0&#8243; _module_preset=&#8221;default&#8221; text_text_color=&#8221;#281e41&#8243; text_font_size=&#8221;20px&#8221; global_colors_info=&#8221;{}&#8221;]<\/p>\n<p style=\"text-align: center;\"><b>Cosmos Youth (T\u00dcRK\u0130YE) ortakl\u0131\u011f\u0131nda Sanremo Maraton Komitesi (\u0130TALYA) taraf\u0131ndan koordine edilen bir Erasmus + KA2 k\u00fc\u00e7\u00fck \u00f6l\u00e7ekli i\u015fbirli\u011fi projesi<\/b><\/p>\n<p>[\/et_pb_text][et_pb_text _builder_version=&#8221;4.27.2&#8243; _module_preset=&#8221;default&#8221; text_text_color=&#8221;#281e41&#8243; text_font_size=&#8221;20px&#8221; global_colors_info=&#8221;{}&#8221;]<\/p>\n<p style=\"text-align: center;\"><b>letsruntogether@sanremomarathon.it<\/b><\/p>\n<p>[\/et_pb_text][\/et_pb_column][\/et_pb_row][et_pb_row column_structure=&#8221;1_3,1_3,1_3&#8243; _builder_version=&#8221;4.27.0&#8243; _module_preset=&#8221;default&#8221; global_colors_info=&#8221;{}&#8221;][et_pb_column type=&#8221;1_3&#8243; _builder_version=&#8221;4.27.0&#8243; _module_preset=&#8221;default&#8221; global_colors_info=&#8221;{}&#8221;][et_pb_image src=&#8221;https:\/\/letsrun.sanremomarathon.it\/wp-content\/uploads\/2024\/08\/EN-V-Co-funded-by-the-EU_POS-150&#215;150.jpg&#8221; alt=&#8221;Avrupa Birli\u011fi ile ortakla\u015fa finanse edilmektedir&#8221; title_text=&#8221;Avrupa Birli\u011fi taraf\u0131ndan e\u015f finanse edilmi\u015ftir&#8221; align=&#8221;center&#8221; _builder_version=&#8221;4.27.0&#8243; _module_preset=&#8221;default&#8221; global_colors_info=&#8221;{}&#8221;][\/et_pb_image][\/et_pb_column][et_pb_column type=&#8221;1_3&#8243; _builder_version=&#8221;4.27.0&#8243; _module_preset=&#8221;default&#8221; global_colors_info=&#8221;{}&#8221;][et_pb_image src=&#8221;https:\/\/letsrun.sanremomarathon.it\/wp-content\/uploads\/2024\/08\/Logo-Comitato-Org-Sanremo-Marathon-1024&#215;544-1.jpg&#8221; alt=&#8221;Sanremo Maratonu Organizasyon Komitesi Logosu&#8221; title_text=&#8221;Sanremo Maratonu Organizasyon Komitesi Logosu-1024&#215;544&#8243; url=&#8221;https:\/\/sanremomarathon.it\/&#8221; url_new_window=&#8221;on&#8221; align=&#8221;center&#8221; _builder_version=&#8221;4.27.0&#8243; _module_preset=&#8221;default&#8221; global_colors_info=&#8221;{}&#8221;][\/et_pb_image][\/et_pb_column][et_pb_column type=&#8221;1_3&#8243; _builder_version=&#8221;4.27.0&#8243; _module_preset=&#8221;default&#8221; global_colors_info=&#8221;{}&#8221;][et_pb_image src=&#8221;https:\/\/letsrun.sanremomarathon.it\/wp-content\/uploads\/2024\/08\/cosmos-youth.jpg&#8221; alt=&#8221;Cosmos Youth logosu&#8221; title_text=&#8221;Cosmos Youth&#8221; url=&#8221;https:\/\/www.cosmosyouth.org\/&#8221; url_new_window=&#8221;on&#8221; admin_label=&#8221;Immagine&#8221; _builder_version=&#8221;4.27.0&#8243; _module_preset=&#8221;default&#8221; global_colors_info=&#8221;{}&#8221;][\/et_pb_image][\/et_pb_column][\/et_pb_row][et_pb_row _builder_version=&#8221;4.27.0&#8243; _module_preset=&#8221;default&#8221; global_colors_info=&#8221;{}&#8221;][et_pb_column type=&#8221;4_4&#8243; _builder_version=&#8221;4.27.0&#8243; _module_preset=&#8221;default&#8221; global_colors_info=&#8221;{}&#8221;][et_pb_text _builder_version=&#8221;4.27.0&#8243; _module_preset=&#8221;default&#8221; text_text_color=&#8221;#281e41&#8243; text_font_size=&#8221;12px&#8221; global_colors_info=&#8221;{}&#8221;]<\/p>\n<p style=\"text-align: center;\"><b>Avrupa Birli\u011fi taraf\u0131ndan finanse edilmektedir. Ancak, ifade edilen g\u00f6r\u00fc\u015fler yaln\u0131zca yazar(lar)a aittir ve Avrupa Birli\u011fi veya Avrupa E\u011fitim ve K\u00fclt\u00fcr Y\u00fcr\u00fctme Ajans\u0131&#8217;n\u0131n (EACEA) g\u00f6r\u00fc\u015flerini yans\u0131tmak zorunda de\u011fildir. Ne Avrupa Birli\u011fi ne de EACEA bundan sorumlu tutulamaz.  <\/b><\/p>\n<p>[\/et_pb_text][\/et_pb_column][\/et_pb_row][\/et_pb_section]<\/p>\n","protected":false},"excerpt":{"rendered":"<p>Projemiz, sosyal d\u0131\u015flanma riski alt\u0131ndaki 100 ortaokul \u00f6\u011frencisine, Haziran 2025&#8217;teki &#8220;Run for the Whales&#8221; maratonuna haz\u0131rl\u0131k s\u00fcreciyle ki\u015fisel geli\u015fim ve entegrasyon i\u00e7in e\u015fsiz bir f\u0131rsat sunmak amac\u0131yla olu\u015fturulmu\u015ftur.<\/p>\n","protected":false},"author":3,"featured_media":0,"parent":0,"menu_order":0,"comment_status":"closed","ping_status":"closed","template":"","meta":{"_et_pb_use_builder":"on","_et_pb_old_content":"","_et_gb_content_width":"","_monsterinsights_skip_tracking":false,"_monsterinsights_sitenote_active":false,"_monsterinsights_sitenote_note":"","_monsterinsights_sitenote_category":0,"footnotes":""},"class_list":["post-1850","page","type-page","status-publish","hentry"],"_links":{"self":[{"href":"https:\/\/letsrun.sanremomarathon.it\/tr\/wp-json\/wp\/v2\/pages\/1850","targetHints":{"allow":["GET"]}}],"collection":[{"href":"https:\/\/letsrun.sanremomarathon.it\/tr\/wp-json\/wp\/v2\/pages"}],"about":[{"href":"https:\/\/letsrun.sanremomarathon.it\/tr\/wp-json\/wp\/v2\/types\/page"}],"author":[{"embeddable":true,"href":"https:\/\/letsrun.sanremomarathon.it\/tr\/wp-json\/wp\/v2\/users\/3"}],"replies":[{"embeddable":true,"href":"https:\/\/letsrun.sanremomarathon.it\/tr\/wp-json\/wp\/v2\/comments?post=1850"}],"version-history":[{"count":5,"href":"https:\/\/letsrun.sanremomarathon.it\/tr\/wp-json\/wp\/v2\/pages\/1850\/revisions"}],"predecessor-version":[{"id":1856,"href":"https:\/\/letsrun.sanremomarathon.it\/tr\/wp-json\/wp\/v2\/pages\/1850\/revisions\/1856"}],"wp:attachment":[{"href":"https:\/\/letsrun.sanremomarathon.it\/tr\/wp-json\/wp\/v2\/media?parent=1850"}],"curies":[{"name":"wp","href":"https:\/\/api.w.org\/{rel}","templated":true}]}}