{"id":1844,"date":"2024-08-13T07:41:17","date_gmt":"2024-08-13T07:41:17","guid":{"rendered":"https:\/\/letsrun.sanremomarathon.it\/proje\/"},"modified":"2026-01-01T13:26:08","modified_gmt":"2026-01-01T13:26:08","slug":"proje","status":"publish","type":"page","link":"https:\/\/letsrun.sanremomarathon.it\/tr\/proje\/","title":{"rendered":"PROJE"},"content":{"rendered":"<p>[et_pb_section fb_built=&#8221;1&#8243; _builder_version=&#8221;4.27.0&#8243; _module_preset=&#8221;default&#8221; custom_margin=&#8221;||||false|false&#8221; global_colors_info=&#8221;{}&#8221;][et_pb_row _builder_version=&#8221;4.27.0&#8243; _module_preset=&#8221;default&#8221; custom_margin=&#8221;||||false|false&#8221; global_colors_info=&#8221;{}&#8221;][et_pb_column type=&#8221;4_4&#8243; _builder_version=&#8221;4.27.0&#8243; _module_preset=&#8221;default&#8221; global_colors_info=&#8221;{}&#8221;][et_pb_text _builder_version=&#8221;4.27.0&#8243; _module_preset=&#8221;default&#8221; header_text_color=&#8221;#281e41&#8243; header_font_size=&#8221;50px&#8221; global_colors_info=&#8221;{}&#8221;]<\/p>\n<h1 style=\"text-align: center;\"><b>PROJE <\/b><\/h1>\n<h1 style=\"text-align: center;\"><b>Erasmus + Let&#8217;s run together<\/b><\/h1>\n<p>[\/et_pb_text][\/et_pb_column][\/et_pb_row][et_pb_row _builder_version=&#8221;4.27.0&#8243; _module_preset=&#8221;default&#8221; global_colors_info=&#8221;{}&#8221;][et_pb_column type=&#8221;4_4&#8243; _builder_version=&#8221;4.27.0&#8243; _module_preset=&#8221;default&#8221; global_colors_info=&#8221;{}&#8221;][et_pb_text _builder_version=&#8221;4.27.4&#8243; _module_preset=&#8221;default&#8221; header_2_text_color=&#8221;#281e41&#8243; header_2_font_size=&#8221;35px&#8221; hover_enabled=&#8221;0&#8243; global_colors_info=&#8221;{}&#8221; sticky_enabled=&#8221;0&#8243;]<\/p>\n<h2 style=\"text-align: center;\"><b>Let\u2019s Run Together: Spor Yoluyla Bir Geli\u015fim Yolculu\u011fu<\/b><\/h2>\n<p>[\/et_pb_text][et_pb_text _builder_version=&#8221;4.27.4&#8243; _module_preset=&#8221;default&#8221; text_text_color=&#8221;#281e41&#8243; text_font_size=&#8221;20px&#8221; hover_enabled=&#8221;0&#8243; global_colors_info=&#8221;{}&#8221; sticky_enabled=&#8221;0&#8243;]<\/p>\n<p style=\"text-align: center;\">Projemiz, sosyal d\u0131\u015flanma riski alt\u0131ndaki 100 ortaokul \u00f6\u011frencisine, Haziran 2025&#8217;teki &#8220;Run for the Whales&#8221; (Balinalar i\u00e7in Ko\u015f) maratonuna haz\u0131rl\u0131k s\u00fcreciyle ki\u015fisel geli\u015fim ve entegrasyon i\u00e7in e\u015fsiz bir f\u0131rsat sunmak amac\u0131yla olu\u015fturulmu\u015ftur.<\/p>\n<p>[\/et_pb_text][\/et_pb_column][\/et_pb_row][\/et_pb_section][et_pb_section fb_built=&#8221;1&#8243; _builder_version=&#8221;4.27.4&#8243; _module_preset=&#8221;default&#8221; global_colors_info=&#8221;{}&#8221;][et_pb_row column_structure=&#8221;1_2,1_2&#8243; _builder_version=&#8221;4.27.4&#8243; _module_preset=&#8221;default&#8221; global_colors_info=&#8221;{}&#8221;][et_pb_column type=&#8221;1_2&#8243; _builder_version=&#8221;4.27.4&#8243; _module_preset=&#8221;default&#8221; global_colors_info=&#8221;{}&#8221;][et_pb_text _builder_version=&#8221;4.27.4&#8243; _module_preset=&#8221;default&#8221; text_text_color=&#8221;#281e41&#8243; text_font_size=&#8221;20px&#8221; hover_enabled=&#8221;0&#8243; global_colors_info=&#8221;{}&#8221; sticky_enabled=&#8221;0&#8243;]<\/p>\n<p>\u201cLet\u2019s Run Together\u201d logosu, yan yana ko\u015fan ve merkezde bir kalp olu\u015fturacak \u015fekilde kucakla\u015fan iki stilize fig\u00fcr\u00fc tasvir eder. Bu, fiziksel, sosyal veya k\u00fclt\u00fcrel her t\u00fcrl\u00fc engeli a\u015farak birlikte ko\u015fman\u0131n \u00f6nemini ve kalbi (yani tutku, empati ve dayan\u0131\u015fmay\u0131) her eylemin merkezine koymay\u0131 simgeler. Hareket, tak\u0131m \u00e7al\u0131\u015fmas\u0131 ve kar\u015f\u0131l\u0131kl\u0131 sayg\u0131ya dayal\u0131 sa\u011fl\u0131kl\u0131 bir ya\u015fam tarz\u0131n\u0131 benimsemeleri i\u00e7in gen\u00e7leri e\u011fitmeye y\u00f6nelik bir davettir; spor yoluyla kapsay\u0131c\u0131l\u0131\u011f\u0131 ve esenli\u011fi te\u015fvik eder.  <\/p>\n<p>[\/et_pb_text][\/et_pb_column][et_pb_column type=&#8221;1_2&#8243; _builder_version=&#8221;4.27.4&#8243; _module_preset=&#8221;default&#8221; global_colors_info=&#8221;{}&#8221;][et_pb_image src=&#8221;https:\/\/letsrun.sanremomarathon.it\/wp-content\/uploads\/2024\/08\/Lets-Run-Together-Logo.png&#8221; alt=&#8221;Let&#039;s Run Together Logosu&#8221; title_text=&#8221;Let&#039;s Run Together Logosu&#8221; _builder_version=&#8221;4.27.4&#8243; _module_preset=&#8221;default&#8221; global_colors_info=&#8221;{}&#8221;][\/et_pb_image][\/et_pb_column][\/et_pb_row][\/et_pb_section][et_pb_section fb_built=&#8221;1&#8243; _builder_version=&#8221;4.27.0&#8243; _module_preset=&#8221;default&#8221; global_colors_info=&#8221;{}&#8221;][et_pb_row _builder_version=&#8221;4.27.0&#8243; _module_preset=&#8221;default&#8221; global_colors_info=&#8221;{}&#8221;][et_pb_column type=&#8221;4_4&#8243; _builder_version=&#8221;4.27.0&#8243; _module_preset=&#8221;default&#8221; global_colors_info=&#8221;{}&#8221;][et_pb_text _builder_version=&#8221;4.27.0&#8243; _module_preset=&#8221;default&#8221; header_2_text_color=&#8221;#281e41&#8243; header_2_font_size=&#8221;35px&#8221; global_colors_info=&#8221;{}&#8221;]<\/p>\n<h2 style=\"text-align: center;\"><strong>Neler Sunuyoruz?<\/strong><\/h2>\n<p>[\/et_pb_text][\/et_pb_column][\/et_pb_row][et_pb_row column_structure=&#8221;1_3,1_3,1_3&#8243; _builder_version=&#8221;4.27.0&#8243; _module_preset=&#8221;default&#8221; global_colors_info=&#8221;{}&#8221;][et_pb_column type=&#8221;1_3&#8243; _builder_version=&#8221;4.27.0&#8243; _module_preset=&#8221;default&#8221; global_colors_info=&#8221;{}&#8221;][et_pb_blurb use_icon=&#8221;on&#8221; font_icon=&#8221;&#x39;||divi||400&#8243; icon_color=&#8221;#e60419&#8243; icon_placement=&#8221;left&#8221; image_icon_width=&#8221;50px&#8221; _builder_version=&#8221;4.27.0&#8243; _module_preset=&#8221;default&#8221; body_text_color=&#8221;#281e41&#8243; body_font_size=&#8221;20px&#8221; global_colors_info=&#8221;{}&#8221;]<span style=\"font-weight: 400;\">Kapsaml\u0131 e\u011fitim program\u0131: Atletik antrenmanlar, beslenme e\u011fitimi ve zihinsel ko\u00e7luk i\u00e7eren, hem y\u00fcz y\u00fcze hem de \u00e7evrimi\u00e7i 10 ayl\u0131k yap\u0131land\u0131r\u0131lm\u0131\u015f haz\u0131rl\u0131k s\u00fcreci.<\/span><br \/>\n[\/et_pb_blurb][\/et_pb_column][et_pb_column type=&#8221;1_3&#8243; _builder_version=&#8221;4.27.0&#8243; _module_preset=&#8221;default&#8221; global_colors_info=&#8221;{}&#8221;][et_pb_blurb use_icon=&#8221;on&#8221; font_icon=&#8221;&#x39;||divi||400&#8243; icon_color=&#8221;#e60419&#8243; icon_placement=&#8221;left&#8221; image_icon_width=&#8221;50px&#8221; _builder_version=&#8221;4.27.0&#8243; _module_preset=&#8221;default&#8221; body_text_color=&#8221;#281e41&#8243; body_font_size=&#8221;20px&#8221; global_colors_info=&#8221;{}&#8221;]<span style=\"font-weight: 400;\">Kapsaml\u0131 destek: Sporun \u00f6nemi konusunda fark\u0131ndal\u0131k yaratmak ve eri\u015fim engellerini kald\u0131rmak amac\u0131yla aileler ve okullarla yap\u0131lan g\u00f6r\u00fc\u015fmeler.<\/span><br \/>\n[\/et_pb_blurb][\/et_pb_column][et_pb_column type=&#8221;1_3&#8243; _builder_version=&#8221;4.27.0&#8243; _module_preset=&#8221;default&#8221; global_colors_info=&#8221;{}&#8221;][et_pb_blurb use_icon=&#8221;on&#8221; font_icon=&#8221;&#x39;||divi||400&#8243; icon_color=&#8221;#e60419&#8243; icon_placement=&#8221;left&#8221; image_icon_width=&#8221;50px&#8221; _builder_version=&#8221;4.27.0&#8243; _module_preset=&#8221;default&#8221; body_text_color=&#8221;#281e41&#8243; body_font_size=&#8221;20px&#8221; global_colors_info=&#8221;{}&#8221;]<span style=\"font-weight: 400;\">Bilgilendirme materyalleri: sporun sa\u011fl\u0131k ve zindelik i\u00e7in faydalar\u0131na ili\u015fkin bir kitap\u00e7\u0131k.<\/span><br \/>\n[\/et_pb_blurb][\/et_pb_column][\/et_pb_row][\/et_pb_section][et_pb_section fb_built=&#8221;1&#8243; _builder_version=&#8221;4.27.0&#8243; _module_preset=&#8221;default&#8221; global_colors_info=&#8221;{}&#8221;][et_pb_row _builder_version=&#8221;4.27.0&#8243; _module_preset=&#8221;default&#8221; global_colors_info=&#8221;{}&#8221;][et_pb_column type=&#8221;4_4&#8243; _builder_version=&#8221;4.27.0&#8243; _module_preset=&#8221;default&#8221; global_colors_info=&#8221;{}&#8221;][et_pb_text _builder_version=&#8221;4.27.0&#8243; _module_preset=&#8221;default&#8221; header_2_text_color=&#8221;#281e41&#8243; header_2_font_size=&#8221;35px&#8221; global_colors_info=&#8221;{}&#8221;]<\/p>\n<h2 style=\"text-align: center;\"><strong>Hedefler<\/strong><\/h2>\n<p>[\/et_pb_text][\/et_pb_column][\/et_pb_row][et_pb_row column_structure=&#8221;1_2,1_2&#8243; _builder_version=&#8221;4.27.0&#8243; _module_preset=&#8221;default&#8221; global_colors_info=&#8221;{}&#8221;][et_pb_column type=&#8221;1_2&#8243; _builder_version=&#8221;4.27.0&#8243; _module_preset=&#8221;default&#8221; global_colors_info=&#8221;{}&#8221;][et_pb_blurb use_icon=&#8221;on&#8221; font_icon=&#8221;&#x39;||divi||400&#8243; icon_color=&#8221;#e60419&#8243; icon_placement=&#8221;left&#8221; image_icon_width=&#8221;50px&#8221; _builder_version=&#8221;4.27.0&#8243; _module_preset=&#8221;default&#8221; body_text_color=&#8221;#281e41&#8243; body_font_size=&#8221;20px&#8221; global_colors_info=&#8221;{}&#8221;]<span style=\"font-weight: 400;\">Sa\u011fl\u0131kl\u0131 ya\u015fam tarzlar\u0131n\u0131 te\u015fvik etmek: Fiziksel aktiviteyi ve do\u011fru beslenmeyi desteklemek.<\/span><br \/>\n[\/et_pb_blurb][et_pb_blurb use_icon=&#8221;on&#8221; font_icon=&#8221;&#x39;||divi||400&#8243; icon_color=&#8221;#e60419&#8243; icon_placement=&#8221;left&#8221; image_icon_width=&#8221;50px&#8221; _builder_version=&#8221;4.27.0&#8243; _module_preset=&#8221;default&#8221; body_text_color=&#8221;#281e41&#8243; body_font_size=&#8221;20px&#8221; global_colors_info=&#8221;{}&#8221;]<span style=\"font-weight: 400;\">Sosyal kapsay\u0131c\u0131l\u0131\u011f\u0131 te\u015fvik etmek: Her \u00f6\u011frencinin kendini de\u011ferli hissetti\u011fi, olumlu ve te\u015fvik edici bir ortam yaratmak.<\/span><br \/>\n[\/et_pb_blurb][\/et_pb_column][et_pb_column type=&#8221;1_2&#8243; _builder_version=&#8221;4.27.0&#8243; _module_preset=&#8221;default&#8221; global_colors_info=&#8221;{}&#8221;][et_pb_blurb use_icon=&#8221;on&#8221; font_icon=&#8221;&#x39;||divi||400&#8243; icon_color=&#8221;#e60419&#8243; icon_placement=&#8221;left&#8221; image_icon_width=&#8221;50px&#8221; _builder_version=&#8221;4.27.0&#8243; _module_preset=&#8221;default&#8221; body_text_color=&#8221;#281e41&#8243; body_font_size=&#8221;20px&#8221; global_colors_info=&#8221;{}&#8221;]<span style=\"font-weight: 400;\">\u00d6zg\u00fcveni art\u0131rmak: Ki\u015finin kendi yetenekleri ve potansiyeli hakk\u0131nda fark\u0131ndal\u0131k geli\u015ftirmesi.<\/span><br \/>\n[\/et_pb_blurb][et_pb_blurb use_icon=&#8221;on&#8221; font_icon=&#8221;&#x39;||divi||400&#8243; icon_color=&#8221;#e60419&#8243; icon_placement=&#8221;left&#8221; image_icon_width=&#8221;50px&#8221; _builder_version=&#8221;4.27.0&#8243; _module_preset=&#8221;default&#8221; body_text_color=&#8221;#281e41&#8243; body_font_size=&#8221;20px&#8221; global_colors_info=&#8221;{}&#8221;]<span style=\"font-weight: 400;\">Okul performans\u0131n\u0131 iyile\u015ftirmek: Fiziksel aktivitenin konsantrasyon ve \u00f6\u011frenme \u00fczerinde olumlu etkileri vard\u0131r.<\/span><br \/>\n[\/et_pb_blurb][\/et_pb_column][\/et_pb_row][\/et_pb_section][et_pb_section fb_built=&#8221;1&#8243; _builder_version=&#8221;4.27.0&#8243; _module_preset=&#8221;default&#8221; global_colors_info=&#8221;{}&#8221;][et_pb_row _builder_version=&#8221;4.27.0&#8243; _module_preset=&#8221;default&#8221; global_colors_info=&#8221;{}&#8221;][et_pb_column type=&#8221;4_4&#8243; _builder_version=&#8221;4.27.0&#8243; _module_preset=&#8221;default&#8221; global_colors_info=&#8221;{}&#8221;][et_pb_text _builder_version=&#8221;4.27.0&#8243; _module_preset=&#8221;default&#8221; text_font_size=&#8221;20px&#8221; header_2_text_color=&#8221;#281e41&#8243; header_2_font_size=&#8221;35px&#8221; global_colors_info=&#8221;{}&#8221;]<\/p>\n<h2 style=\"text-align: center;\"><i><span style=\"font-weight: 400;\">Bize Kat\u0131l!<\/span><\/i><\/h2>\n<p>[\/et_pb_text][et_pb_text _builder_version=&#8221;4.27.0&#8243; _module_preset=&#8221;default&#8221; text_text_color=&#8221;#281e41&#8243; text_font_size=&#8221;20px&#8221; global_colors_info=&#8221;{}&#8221;]<\/p>\n<p style=\"text-align: center;\"><span style=\"font-weight: 400;\">Sporun bir de\u011fi\u015fim arac\u0131 olarak g\u00fcc\u00fcne inan\u0131yoruz. \u00c7ocuklar\u0131m\u0131z i\u00e7in daha iyi bir gelecek in\u015fa etmemize yard\u0131m edin. <\/span><\/p>\n<p>[\/et_pb_text][\/et_pb_column][\/et_pb_row][et_pb_row column_structure=&#8221;1_2,1_2&#8243; _builder_version=&#8221;4.27.0&#8243; _module_preset=&#8221;default&#8221; global_colors_info=&#8221;{}&#8221;][et_pb_column type=&#8221;1_2&#8243; _builder_version=&#8221;4.27.0&#8243; _module_preset=&#8221;default&#8221; global_colors_info=&#8221;{}&#8221;][et_pb_button button_url=&#8221;https:\/\/letsrun.sanremomarathon.it\/contatti\/&#8221; button_text=&#8221;Kay\u0131t ol&#8221; button_alignment=&#8221;center&#8221; _builder_version=&#8221;4.27.4&#8243; _module_preset=&#8221;default&#8221; custom_button=&#8221;on&#8221; button_text_color=&#8221;#ffffff&#8221; button_bg_color=&#8221;#e60419&#8243; button_border_color=&#8221;#e60419&#8243; custom_padding=&#8221;10px|100px|10px|100px|false|false&#8221; global_colors_info=&#8221;{}&#8221;][\/et_pb_button][\/et_pb_column][et_pb_column type=&#8221;1_2&#8243; _builder_version=&#8221;4.27.0&#8243; _module_preset=&#8221;default&#8221; global_colors_info=&#8221;{}&#8221;][et_pb_button button_url=&#8221;https:\/\/letsrun.sanremomarathon.it\/contatti\/&#8221; button_text=&#8221;Ba\u011f\u0131\u015f yap&#8221; button_alignment=&#8221;center&#8221; _builder_version=&#8221;4.27.4&#8243; _module_preset=&#8221;default&#8221; custom_button=&#8221;on&#8221; button_text_color=&#8221;#ffffff&#8221; button_bg_color=&#8221;#e60419&#8243; button_border_color=&#8221;#e60419&#8243; custom_padding=&#8221;10px|100px|10px|100px|false|false&#8221; global_colors_info=&#8221;{}&#8221;][\/et_pb_button][\/et_pb_column][\/et_pb_row][\/et_pb_section][et_pb_section fb_built=&#8221;1&#8243; _builder_version=&#8221;4.27.0&#8243; _module_preset=&#8221;default&#8221; global_colors_info=&#8221;{}&#8221;][et_pb_row _builder_version=&#8221;4.27.0&#8243; _module_preset=&#8221;default&#8221; global_colors_info=&#8221;{}&#8221;][et_pb_column type=&#8221;4_4&#8243; _builder_version=&#8221;4.27.0&#8243; _module_preset=&#8221;default&#8221; global_colors_info=&#8221;{}&#8221;][et_pb_text _builder_version=&#8221;4.27.0&#8243; _module_preset=&#8221;default&#8221; header_text_color=&#8221;#281e41&#8243; header_font_size=&#8221;50px&#8221; header_2_text_color=&#8221;#281e41&#8243; header_2_font_size=&#8221;50px&#8221; global_colors_info=&#8221;{}&#8221;]<\/p>\n<h1 style=\"text-align: center;\"><b>Birlikte fark yaratabiliriz<\/b><\/h1>\n<p>[\/et_pb_text][\/et_pb_column][\/et_pb_row][\/et_pb_section][et_pb_section fb_built=&#8221;1&#8243; _builder_version=&#8221;4.27.0&#8243; _module_preset=&#8221;default&#8221; global_colors_info=&#8221;{}&#8221;][et_pb_row _builder_version=&#8221;4.27.0&#8243; _module_preset=&#8221;default&#8221; global_colors_info=&#8221;{}&#8221;][et_pb_column type=&#8221;4_4&#8243; _builder_version=&#8221;4.27.0&#8243; _module_preset=&#8221;default&#8221; global_colors_info=&#8221;{}&#8221;][et_pb_image src=&#8221;https:\/\/letsrun.sanremomarathon.it\/wp-content\/uploads\/2024\/08\/Logo-lets-run-together-orizz-trasp-BN-300&#215;169.jpg&#8221; alt=&#8221;Let&#039;s run together logosu&#8221; title_text=&#8221;Let&#039;s Run Together Logosu &#8211; Yatay \u015eeffaf BN&#8221; align=&#8221;center&#8221; _builder_version=&#8221;4.27.0&#8243; _module_preset=&#8221;default&#8221; global_colors_info=&#8221;{}&#8221;][\/et_pb_image][et_pb_text _builder_version=&#8221;4.27.0&#8243; _module_preset=&#8221;default&#8221; text_text_color=&#8221;#281e41&#8243; text_font_size=&#8221;20px&#8221; global_colors_info=&#8221;{}&#8221;]<\/p>\n<p style=\"text-align: center;\"><b>Cosmos Youth (T\u00dcRK\u0130YE) ortakl\u0131\u011f\u0131nda Sanremo Maraton Komitesi (\u0130TALYA) taraf\u0131ndan koordine edilen bir Erasmus + KA2 k\u00fc\u00e7\u00fck \u00f6l\u00e7ekli i\u015fbirli\u011fi projesi<\/b><\/p>\n<p>[\/et_pb_text][et_pb_text _builder_version=&#8221;4.27.2&#8243; _module_preset=&#8221;default&#8221; text_text_color=&#8221;#281e41&#8243; text_font_size=&#8221;20px&#8221; global_colors_info=&#8221;{}&#8221;]<\/p>\n<p style=\"text-align: center;\"><b>letsruntogether@sanremomarathon.it<\/b><\/p>\n<p>[\/et_pb_text][\/et_pb_column][\/et_pb_row][et_pb_row column_structure=&#8221;1_3,1_3,1_3&#8243; _builder_version=&#8221;4.27.0&#8243; _module_preset=&#8221;default&#8221; global_colors_info=&#8221;{}&#8221;][et_pb_column type=&#8221;1_3&#8243; _builder_version=&#8221;4.27.0&#8243; _module_preset=&#8221;default&#8221; global_colors_info=&#8221;{}&#8221;][et_pb_image src=&#8221;https:\/\/letsrun.sanremomarathon.it\/wp-content\/uploads\/2024\/08\/EN-V-Co-funded-by-the-EU_POS-150&#215;150.jpg&#8221; alt=&#8221;Avrupa Birli\u011fi ile ortakla\u015fa finanse edilmektedir&#8221; title_text=&#8221;Avrupa Birli\u011fi ile ortakla\u015fa finanse edilmektedir&#8221; align=&#8221;center&#8221; _builder_version=&#8221;4.27.0&#8243; _module_preset=&#8221;default&#8221; global_colors_info=&#8221;{}&#8221;][\/et_pb_image][\/et_pb_column][et_pb_column type=&#8221;1_3&#8243; _builder_version=&#8221;4.27.0&#8243; _module_preset=&#8221;default&#8221; global_colors_info=&#8221;{}&#8221;][et_pb_image src=&#8221;https:\/\/letsrun.sanremomarathon.it\/wp-content\/uploads\/2024\/08\/Logo-Comitato-Org-Sanremo-Marathon-1024&#215;544-1.jpg&#8221; alt=&#8221;Committee-Org-San Remo-Logosu&#8221; title_text=&#8221;Committee-Org-Sanremo-Marathon-Logosu-1024&#215;544&#8243; url=&#8221;https:\/\/sanremomarathon.it\/&#8221; url_new_window=&#8221;on&#8221; align=&#8221;center&#8221; _builder_version=&#8221;4.27.0&#8243; _module_preset=&#8221;default&#8221; global_colors_info=&#8221;{}&#8221;][\/et_pb_image][\/et_pb_column][et_pb_column type=&#8221;1_3&#8243; _builder_version=&#8221;4.27.0&#8243; _module_preset=&#8221;default&#8221; global_colors_info=&#8221;{}&#8221;][et_pb_image src=&#8221;https:\/\/letsrun.sanremomarathon.it\/wp-content\/uploads\/2024\/08\/cosmos-youth.jpg&#8221; alt=&#8221;Cosmos youth logosu&#8221; title_text=&#8221;cosmos youth&#8221; url=&#8221;https:\/\/www.cosmosyouth.org\/&#8221; url_new_window=&#8221;on&#8221; align=&#8221;center&#8221; _builder_version=&#8221;4.27.0&#8243; _module_preset=&#8221;default&#8221; global_colors_info=&#8221;{}&#8221;][\/et_pb_image][\/et_pb_column][\/et_pb_row][et_pb_row _builder_version=&#8221;4.27.0&#8243; _module_preset=&#8221;default&#8221; global_colors_info=&#8221;{}&#8221;][et_pb_column type=&#8221;4_4&#8243; _builder_version=&#8221;4.27.0&#8243; _module_preset=&#8221;default&#8221; global_colors_info=&#8221;{}&#8221;][et_pb_text _builder_version=&#8221;4.27.0&#8243; _module_preset=&#8221;default&#8221; text_text_color=&#8221;#281e41&#8243; text_font_size=&#8221;12px&#8221; global_colors_info=&#8221;{}&#8221;]<\/p>\n<p style=\"text-align: center;\"><b>Avrupa Birli\u011fi taraf\u0131ndan finanse edilmektedir. Ancak, ifade edilen g\u00f6r\u00fc\u015fler yaln\u0131zca yazar(lar)a aittir ve Avrupa Birli\u011fi veya Avrupa E\u011fitim ve K\u00fclt\u00fcr Y\u00fcr\u00fctme Ajans\u0131&#8217;n\u0131n (EACEA) g\u00f6r\u00fc\u015flerini yans\u0131tmak zorunda de\u011fildir. Ne Avrupa Birli\u011fi ne de EACEA bundan sorumlu tutulamaz.  <\/b><\/p>\n<p>[\/et_pb_text][\/et_pb_column][\/et_pb_row][\/et_pb_section]<\/p>\n","protected":false},"excerpt":{"rendered":"<p>Projemiz, sosyal d\u0131\u015flanma riski alt\u0131ndaki 100 ortaokul \u00f6\u011frencisine, Haziran 2025&#8217;teki &#8220;Run for the Whales&#8221; (Balinalar i\u00e7in Ko\u015f) maratonuna haz\u0131rl\u0131k s\u00fcreciyle ki\u015fisel geli\u015fim ve entegrasyon i\u00e7in e\u015fsiz bir f\u0131rsat sunmak amac\u0131yla olu\u015fturulmu\u015ftur.<\/p>\n","protected":false},"author":3,"featured_media":0,"parent":0,"menu_order":0,"comment_status":"closed","ping_status":"closed","template":"","meta":{"_et_pb_use_builder":"on","_et_pb_old_content":"","_et_gb_content_width":"","_monsterinsights_skip_tracking":false,"_monsterinsights_sitenote_active":false,"_monsterinsights_sitenote_note":"","_monsterinsights_sitenote_category":0,"footnotes":""},"class_list":["post-1844","page","type-page","status-publish","hentry"],"_links":{"self":[{"href":"https:\/\/letsrun.sanremomarathon.it\/tr\/wp-json\/wp\/v2\/pages\/1844","targetHints":{"allow":["GET"]}}],"collection":[{"href":"https:\/\/letsrun.sanremomarathon.it\/tr\/wp-json\/wp\/v2\/pages"}],"about":[{"href":"https:\/\/letsrun.sanremomarathon.it\/tr\/wp-json\/wp\/v2\/types\/page"}],"author":[{"embeddable":true,"href":"https:\/\/letsrun.sanremomarathon.it\/tr\/wp-json\/wp\/v2\/users\/3"}],"replies":[{"embeddable":true,"href":"https:\/\/letsrun.sanremomarathon.it\/tr\/wp-json\/wp\/v2\/comments?post=1844"}],"version-history":[{"count":2,"href":"https:\/\/letsrun.sanremomarathon.it\/tr\/wp-json\/wp\/v2\/pages\/1844\/revisions"}],"predecessor-version":[{"id":1846,"href":"https:\/\/letsrun.sanremomarathon.it\/tr\/wp-json\/wp\/v2\/pages\/1844\/revisions\/1846"}],"wp:attachment":[{"href":"https:\/\/letsrun.sanremomarathon.it\/tr\/wp-json\/wp\/v2\/media?parent=1844"}],"curies":[{"name":"wp","href":"https:\/\/api.w.org\/{rel}","templated":true}]}}